{"id":63,"date":"2018-03-02T12:24:43","date_gmt":"2018-03-02T12:24:43","guid":{"rendered":"http:\/\/spnwu.pl\/?page_id=63"},"modified":"2023-10-31T05:52:54","modified_gmt":"2023-10-31T04:52:54","slug":"nasza-szkola","status":"publish","type":"page","link":"https:\/\/spnwu.pl\/index.php\/nasza-szkola\/","title":{"rendered":"Szko\u0142a"},"content":{"rendered":"<h4 class=\"green\">Historia szko\u0142y<\/h4>\n<div>\n<p>1 wrze\u015bnia 2012 r. powo\u0142ano Szko\u0142\u0119 Podstawow\u0105 w Nowej Wsi Ujskiej. Powsta\u0142a ona z dw\u00f3ch szk\u00f3\u0142 \u2013 Szko\u0142y Podstawowej im. Agnieszki Bartol w Miros\u0142awiu i Szko\u0142y Podstawowej im. Or\u0142a Bia\u0142ego w Nowej Wsi Ujskiej. Ucz\u0119szczaj\u0105 do niej dzieci z Miros\u0142awia i z Nowej Wsi Ujskiej. Nauka odbywa si\u0119 w dw\u00f3ch budynkach \u2013 klasy I \u2013 IV w Miros\u0142awiu, a klasy V \u2013 VIII w Nowej Wsi Ujskiej. W ka\u017cdej wsi funkcjonuje oddzia\u0142 przedszkolny.<\/p>\n<p>Warunki lokalowe i baza dydaktyczna sprzyja\u00a0 rozwojowi uczni\u00f3w w sferze intelektualnej, spo\u0142ecznej i fizycznej. Przy budynkach szkolnych znajduj\u0105 si\u0119 nowoczesne place zabaw, boiska, a w Nowej Wsi Ujskiej obiekt sportowy Orlik.<\/p>\n<p>Budynek szko\u0142y w Miros\u0142awiu zosta\u0142 wybudowany w 1916 r., w latach 90 &#8211; tych XX wieku zosta\u0142 znacznie rozbudowany. W latach 30 \u2013 tych XX wieku szko\u0142a odgrywa\u0142a istotn\u0105 rol\u0119 w \u015brodowisku. Razem z Katolickim\u00a0 Stowarzyszeniem M\u0142odzie\u017cy \u017be\u0144skiej \u201eM\u0142ode Polki\u201d organizowano uroczysto\u015bci patriotyczne, wiejskie, przedstawienia teatralne. Wa\u017cnym momentem w najnowszej historii szko\u0142y w Miros\u0142awiu by\u0142 dzie\u0144 20 kwietnia 1995 r., kiedy\u00a0 nadano szkole imi\u0119 Agnieszki Bartol \u2013 genialnej, 12- letniej pisarki.<\/p>\n<p>Budynek szko\u0142y w Nowej Wsi Ujskiej zbudowano w 1905 r. Ucz\u0119szczali do niej katolicy \u00a0i ewangelicy. W latach 1920-1926 istnia\u0142y 3 klasy niemieckie i 1 polska. Od 1988 r. szko\u0142a by\u0142a pe\u0142n\u0105, 8 \u2013 klasow\u0105 szko\u0142\u0105 podstawow\u0105. Natomiast 23 kwietnia 2009 r. przyj\u0119\u0142a imi\u0119 Or\u0142a\u00a0 Bia\u0142ego.<\/p>\n<p>Szko\u0142y w Miros\u0142awiu i w Nowej Wsi Ujskiej posiada\u0142y swoj\u0105 odr\u0119bno\u015b\u0107, specyfik\u0119, tradycje, ceremonia\u0142. Kszta\u0142towa\u0142y osobowo\u015b\u0107 dzieci. Mia\u0142y do zrealizowania cele i zadania. Przes\u0142anie Or\u0142a Bia\u0142ego jako symbolu d\u0105\u017cenia do bohaterstwa, odwagi oraz rozwijanie talent\u00f3w, pracowito\u015bci i serdeczno\u015bci, kt\u00f3rych przyk\u0142ad stanowi\u0142a Agnieszka Bartol zobowi\u0105zuje do poszanowania tych warto\u015bci i idea\u0142\u00f3w, odnoszenia si\u0119 do tego, co by\u0142o dzieciom wdra\u017cane. Odwaga, prawda, dobro, praca, pasja, ciekawo\u015b\u0107 poznawcza \u2013 to warto\u015bci, wed\u0142ug kt\u00f3rych prowadzony jest proces dydaktyczno &#8211; wychowawczy\u00a0\u00a0 w Szkole Podstawowej w Nowej Wsi Ujskiej.<br \/>\nSzko\u0142a sw\u00f3j wizerunek opiera na historii, tradycji i warto\u015bciach obu szk\u00f3\u0142 oraz na realizacji nowych inicjatyw, pomys\u0142\u00f3w i plan\u00f3w.<\/p>\n<p>W latach 2012 &#8211; 2019 dyrektorem szko\u0142y by\u0142a Ma\u0142gorzata Walerowska.<br \/>\nOd 1 wrze\u015bnia 2019 dyrektorem szko\u0142y jest Mariusz Kami\u0144ski.<\/p>\n<\/div>\n","protected":false},"excerpt":{"rendered":"<p>Historia szko\u0142y 1 wrze\u015bnia 2012 r. powo\u0142ano Szko\u0142\u0119 Podstawow\u0105 w Nowej Wsi Ujskiej. Powsta\u0142a ona z dw\u00f3ch szk\u00f3\u0142 \u2013 Szko\u0142y Podstawowej im. Agnieszki Bartol w Miros\u0142awiu i Szko\u0142y Podstawowej im. &hellip;<\/p>\n","protected":false},"author":1,"featured_media":0,"parent":0,"menu_order":0,"comment_status":"closed","ping_status":"closed","template":"","meta":{"_themeisle_gutenberg_block_has_review":false,"footnotes":""},"class_list":["post-63","page","type-page","status-publish","hentry"],"_links":{"self":[{"href":"https:\/\/spnwu.pl\/index.php\/wp-json\/wp\/v2\/pages\/63","targetHints":{"allow":["GET"]}}],"collection":[{"href":"https:\/\/spnwu.pl\/index.php\/wp-json\/wp\/v2\/pages"}],"about":[{"href":"https:\/\/spnwu.pl\/index.php\/wp-json\/wp\/v2\/types\/page"}],"author":[{"embeddable":true,"href":"https:\/\/spnwu.pl\/index.php\/wp-json\/wp\/v2\/users\/1"}],"replies":[{"embeddable":true,"href":"https:\/\/spnwu.pl\/index.php\/wp-json\/wp\/v2\/comments?post=63"}],"version-history":[{"count":6,"href":"https:\/\/spnwu.pl\/index.php\/wp-json\/wp\/v2\/pages\/63\/revisions"}],"predecessor-version":[{"id":9196,"href":"https:\/\/spnwu.pl\/index.php\/wp-json\/wp\/v2\/pages\/63\/revisions\/9196"}],"wp:attachment":[{"href":"https:\/\/spnwu.pl\/index.php\/wp-json\/wp\/v2\/media?parent=63"}],"curies":[{"name":"wp","href":"https:\/\/api.w.org\/{rel}","templated":true}]}}