{"id":1587,"date":"2018-06-07T04:50:35","date_gmt":"2018-06-07T04:50:35","guid":{"rendered":"http:\/\/spnwu.pl\/?page_id=1587"},"modified":"2021-11-16T09:18:16","modified_gmt":"2021-11-16T08:18:16","slug":"polityka-prywatnosci","status":"publish","type":"page","link":"https:\/\/spnwu.pl\/index.php\/polityka-prywatnosci\/","title":{"rendered":"Polityka prywatno\u015bci"},"content":{"rendered":"<p class=\"western\"><span style=\"font-family: Times New Roman, serif;\"><span style=\"font-size: medium;\"><i><b>Polityka Ochrony Prywatno\u015bci <\/b><\/i><\/span><\/span><\/p>\n<p class=\"western\" align=\"justify\"><span style=\"font-family: Times New Roman, serif;\"><span style=\"font-size: medium;\"><i>Administratorem danych jest <\/i><\/span><\/span><span style=\"font-family: Times New Roman, serif;\"><span style=\"font-size: medium;\"><i>Szko\u0142a Podstawowa w Nowej Wsi Ujskiej<\/i><\/span><\/span><span style=\"font-family: Times New Roman, serif;\"><span style=\"font-size: medium;\"><i>, kt\u00f3r<\/i><\/span><\/span><span style=\"font-family: Times New Roman, serif;\"><span style=\"font-size: medium;\"><i>a<\/i><\/span><\/span><span style=\"font-family: Times New Roman, serif;\"><span style=\"font-size: medium;\"><i> przywi\u0105zuje szczeg\u00f3ln\u0105 wag\u0119 do poszanowania prywatno\u015bci u\u017cytkownik\u00f3w odwiedzaj\u0105cych serwis internetowy. <\/i><\/span><\/span><\/p>\n<p class=\"western\"><span style=\"font-family: Times New Roman, serif;\"><span style=\"font-size: medium;\"><i>Dane pochodz\u0105ce od u\u017cytkownik\u00f3w serwisu Administratora to dane:<br \/><\/i><\/span><\/span><i style=\"font-size: medium; font-family: 'Times New Roman', serif; text-indent: 0em;\">&#8211; podawane dobrowolnie przez u\u017cytkownika,<br \/><\/i><i style=\"font-size: medium; font-family: 'Times New Roman', serif; text-indent: 0em;\">&#8211; informacje uzyskiwane podczas korzystania z serwisu.<\/i><\/p>\n<p class=\"western\" align=\"justify\"><a name=\"_GoBack\"><\/a> <span style=\"font-family: Times New Roman, serif;\"><span style=\"font-size: medium;\"><i>Dane zbierane w ramach serwisu Administratora s\u0142u\u017c\u0105 do zapewnienia okre\u015blonych us\u0142ug naszym u\u017cytkownikom oraz <\/i><\/span><\/span><span style=\"font-family: Times New Roman, serif;\"><span style=\"font-size: medium;\"><i>w celach m.in. statystycznych, funkcjonalnych oraz dostosowania strony do indywidualnych potrzeb u\u017cytkownika<\/i><\/span><\/span><span style=\"font-family: Times New Roman, serif;\"><span style=\"font-size: medium;\"><i>. D<\/i><\/span><\/span><span style=\"font-family: Times New Roman, serif;\"><span style=\"font-size: medium;\"><i>ane u\u017cytkownik\u00f3w uzyskane za po\u015brednictwem serwisu przeznaczone s\u0105 wy\u0142\u0105cznie na u\u017cytek Administratora i podmiot\u00f3w, z kt\u00f3rymi Administrator ma zawarte umowy powierzenia przetwarzania danych osobowych. <\/i><\/span><\/span><span style=\"font-family: Times New Roman, serif;\"><span style=\"font-size: medium;\"><i>Dane te nie b\u0119d\u0105 sprzedawane ani udost\u0119pniane innym instytucjom lub organizacjom ani osobom, kt\u00f3re nie s\u0105 pracownikami lub wsp\u00f3\u0142pracownikami Administratora lub z kt\u00f3rymi Administrator nie ma zawartych um\u00f3w powierzenia przetwarzania danych osobowych. Jednak w przypadku, gdy b\u0119d\u0105 tego wymaga\u0142y przepisy prawa, dane u\u017cytkownika mog\u0105 by\u0107 udost\u0119pnione organom pa\u0144stwowym lub samorz\u0105dowym, w tym w szczeg\u00f3lno\u015bci organom wymiaru sprawiedliwo\u015bci.<\/i><\/span><\/span><\/p>\n<p class=\"western\" align=\"justify\"><span style=\"font-family: Times New Roman, serif;\"><span style=\"font-size: medium;\"><i>Przegl\u0105darka internetowa mo\u017ce przechowywa\u0107 pliki cookies na dysku komputera. W plikach cookies znajduj\u0105 si\u0119 informacje niezb\u0119dne do prawid\u0142owego funkcjonowania serwisu. Za pomoc\u0105 plik\u00f3w cookies nie s\u0105 przetwarzane lub przechowywane dane osobowe u\u017cytkownik\u00f3w serwisu Administratora. Zawarto\u015b\u0107 plik\u00f3w cookies nie pozwala na identyfikacj\u0119 u\u017cytkownika. Pliki cookies przechowywane s\u0105 na komputerach u\u017cytkownik\u00f3w w celu m.in. w\u0142a\u015bciwego dopasowania serwisu do potrzeb u\u017cytkownik\u00f3w, zapami\u0119tania preferencji i\u00a0indywidualnych ustawie\u0144 u\u017cytkownika, tworzenia statystyk ogl\u0105dalno\u015bci serwisu. U\u017cytkownik posiada mo\u017cliwo\u015b\u0107 takiego skonfigurowania przegl\u0105darki internetowej, aby ca\u0142kowicie lub cz\u0119\u015bciowo wy\u0142\u0105czy\u0107 przechowywanie plik\u00f3w cookies na dysku twardym komputera. Efektem zmiany mo\u017ce by\u0107 utrata mo\u017cliwo\u015bci korzystania z niekt\u00f3rych funkcjonalno\u015bci serwisu.<\/i><\/span><\/span><\/p>\n<p class=\"western\" align=\"justify\"><span style=\"font-family: Times New Roman, serif;\"><span style=\"font-size: medium;\"><i>Administrator dok\u0142ada wszelkich stara\u0144, aby chroni\u0107 serwis przed nieuprawnionym dost\u0119pem os\u00f3b trzecich. W tym celu stosowane s\u0105 m.in. firewall, urz\u0105dzenia zabezpieczaj\u0105ce serwery, urz\u0105dzenia szyfruj\u0105ce oraz fizyczne \u015brodki bezpiecze\u0144stwa.<\/i><\/span><\/span><\/p>\n<p class=\"western\" align=\"justify\"><span style=\"font-family: Times New Roman, serif;\"><span style=\"font-size: medium;\"><i>Serwis Administratora zawiera odno\u015bniki do innych stron internetowych. Po przej\u015bciu na inne witryny, nale\u017cy zapozna\u0107 si\u0119 z obowi\u0105zuj\u0105c\u0105 tam polityk\u0105 ochrony prywatno\u015bci.<\/i><\/span><\/span><\/p>\n<p><span style=\"font-family: 'times new roman', times, serif;\">Informujemy, \u017ce inspektorem ochrony danych osobowych jest:<br \/><\/span><span style=\"font-family: 'times new roman', times, serif;\">Dr. n. prawn. Bartosz Pawelczyk \u2013 radca prawny<br \/><\/span><span style=\"font-family: 'times new roman', times, serif;\">Dane kontaktowe:<\/span><span style=\"font-family: 'times new roman', times, serif;\">\u00a0<span id=\"cloakf8d4641c0bb9e8a8e96f22902d26edef\"><a href=\"mailto:inspektor@rodo-krp.pl\">inspektor@rodo-krp.pl;\u00a0\u00a0<\/a>tel<\/span><\/span><span style=\"font-family: 'times new roman', times, serif;\">.:\u00a0 792 304\u00a0042<\/span><\/p>\n<blockquote>\n<p><a href=\"https:\/\/spnwu.pl\/wp-content\/uploads\/2018\/09\/Obowiazek.informacyjny-kontrahent.pdf\" target=\"_blank\" rel=\"noopener noreferrer\">Obowi\u0105zek informacyjny &#8211; kontrahent<\/a><br \/><a href=\"https:\/\/spnwu.pl\/wp-content\/uploads\/2018\/09\/Obowiazek.informacyjny-dziecko-rodzic.pdf\" target=\"_blank\" rel=\"noopener noreferrer\">&gt;&gt;&gt; Obowi\u0105zek informacyjny &#8211; dziecko i rodzic\/opiekun<\/a><br \/><a href=\"https:\/\/spnwu.pl\/wp-content\/uploads\/2018\/10\/Regulamin-monitoring.pdf\" target=\"_blank\" rel=\"noopener noreferrer\">&gt;&gt;&gt; Regulamin monitoringu<\/a><br \/><a href=\"https:\/\/spnwu.pl\/wp-content\/uploads\/2018\/10\/obowiazek.info-monitoring.pdf\" target=\"_blank\" rel=\"noopener noreferrer\">&gt;&gt;&gt; Obowi\u0105zek informacyjny &#8211; monitoring<\/a><br \/><a href=\"https:\/\/spnwu.pl\/wp-content\/uploads\/2018\/10\/obowiazek.info-rekrutacja.pdf\" target=\"_blank\" rel=\"noopener noreferrer\">&gt;&gt;&gt; Obowi\u0105zek informacyjny &#8211; rekrutacja<\/a><br \/><a href=\"https:\/\/spnwu.pl\/wp-content\/uploads\/2019\/11\/rodo_dostep_do_inf_publicznej0001.pdf\" target=\"_blank\" rel=\"noopener noreferrer\">&gt;&gt;&gt; Obowi\u0105zek informacyjny &#8211; dost\u0119p do informacji publicznej<\/a><br \/><a href=\"https:\/\/spnwu.pl\/wp-content\/uploads\/2021\/11\/2021.11.16_obowiazek_infor_pracownik.pdf\" target=\"_blank\" rel=\"noopener\">&gt;&gt;&gt; Obowi\u0105zek informacyjny &#8211; pracownik<\/a><br \/><a href=\"https:\/\/spnwu.pl\/wp-content\/uploads\/2021\/11\/2021.11.16_obowiazek_infor_umowa_cywilno-prawna.pdf\" target=\"_blank\" rel=\"noopener\">&gt;&gt;&gt; Obowi\u0105zek informacyjny &#8211; osoba na umowie cywilno-prawnej<\/a><\/p>\n<\/blockquote>\n<p class=\"western\" align=\"justify\"><span style=\"font-family: Times New Roman, serif;\"><span style=\"font-size: medium;\"><i>W przypadku zmiany niniejszej polityki Administrator zamie\u015bci odpowiedni\u0105 modyfikacj\u0119 na niniejszej podstronie.<\/i><\/span><\/span><\/p>\n\n","protected":false},"excerpt":{"rendered":"<p>Polityka Ochrony Prywatno\u015bci Administratorem danych jest Szko\u0142a Podstawowa w Nowej Wsi Ujskiej, kt\u00f3ra przywi\u0105zuje szczeg\u00f3ln\u0105 wag\u0119 do poszanowania prywatno\u015bci u\u017cytkownik\u00f3w odwiedzaj\u0105cych serwis internetowy. Dane pochodz\u0105ce od u\u017cytkownik\u00f3w serwisu Administratora to &hellip;<\/p>\n","protected":false},"author":1,"featured_media":0,"parent":0,"menu_order":0,"comment_status":"closed","ping_status":"closed","template":"","meta":{"_themeisle_gutenberg_block_has_review":false,"footnotes":""},"class_list":["post-1587","page","type-page","status-publish","hentry"],"_links":{"self":[{"href":"https:\/\/spnwu.pl\/index.php\/wp-json\/wp\/v2\/pages\/1587","targetHints":{"allow":["GET"]}}],"collection":[{"href":"https:\/\/spnwu.pl\/index.php\/wp-json\/wp\/v2\/pages"}],"about":[{"href":"https:\/\/spnwu.pl\/index.php\/wp-json\/wp\/v2\/types\/page"}],"author":[{"embeddable":true,"href":"https:\/\/spnwu.pl\/index.php\/wp-json\/wp\/v2\/users\/1"}],"replies":[{"embeddable":true,"href":"https:\/\/spnwu.pl\/index.php\/wp-json\/wp\/v2\/comments?post=1587"}],"version-history":[{"count":25,"href":"https:\/\/spnwu.pl\/index.php\/wp-json\/wp\/v2\/pages\/1587\/revisions"}],"predecessor-version":[{"id":6455,"href":"https:\/\/spnwu.pl\/index.php\/wp-json\/wp\/v2\/pages\/1587\/revisions\/6455"}],"wp:attachment":[{"href":"https:\/\/spnwu.pl\/index.php\/wp-json\/wp\/v2\/media?parent=1587"}],"curies":[{"name":"wp","href":"https:\/\/api.w.org\/{rel}","templated":true}]}}