{"id":11,"date":"2018-03-02T08:28:49","date_gmt":"2018-03-02T08:28:49","guid":{"rendered":"http:\/\/spnwu.pl\/?page_id=11"},"modified":"2025-01-14T09:29:54","modified_gmt":"2025-01-14T08:29:54","slug":"kontakt","status":"publish","type":"page","link":"https:\/\/spnwu.pl\/index.php\/kontakt\/","title":{"rendered":"Kontakt"},"content":{"rendered":"<h3><strong><img loading=\"lazy\" decoding=\"async\" class=\"size-medium wp-image-108 alignright\" src=\"https:\/\/spnwu.pl\/wp-content\/uploads\/2018\/03\/contact-us-2993000_640-300x198.jpg\" alt=\"\" width=\"300\" height=\"198\" srcset=\"https:\/\/spnwu.pl\/wp-content\/uploads\/2018\/03\/contact-us-2993000_640-300x198.jpg 300w, https:\/\/spnwu.pl\/wp-content\/uploads\/2018\/03\/contact-us-2993000_640-405x268.jpg 405w, https:\/\/spnwu.pl\/wp-content\/uploads\/2018\/03\/contact-us-2993000_640.jpg 640w\" sizes=\"auto, (max-width: 300px) 100vw, 300px\" \/>Szko\u0142a Podstawowa w Nowej Wsi Ujskiej<\/strong><\/h3>\n<p>Nowa Wie\u015b Ujska 1, 64-850 Uj\u015bcie,<br \/>\nSekretariat:<br \/>\ntel.: +48 <strong>67 284 00 36<\/strong>;<br \/>\ntel.: +48<strong> 665 100 496<\/strong><\/p>\n<p>Budynek w Miros\u0142awiu &#8211; Miros\u0142aw 22, 64-850 Uj\u015bcie,<br \/>\ntel.: +48 <strong>67 284 02 95<\/strong>;<\/p>\n<p>e-mail:<strong> szkola@spnwu.pl<\/strong><\/p>\n<p>Adres do e-Dor\u0119cze\u0144: <strong>AE:PL-60139-94635-SJJJR-28<\/strong><\/p>\n<p>NIP szko\u0142y: 764-26-63-467<\/p>\n<hr \/>\n<p>Dyrektor szko\u0142y: <strong>mgr Mariusz Kami\u0144ski<\/strong><\/p>\n","protected":false},"excerpt":{"rendered":"<p>Szko\u0142a Podstawowa w Nowej Wsi Ujskiej Nowa Wie\u015b Ujska 1, 64-850 Uj\u015bcie, Sekretariat: tel.: +48 67 284 00 36; tel.: +48 665 100 496 Budynek w Miros\u0142awiu &#8211; Miros\u0142aw 22, &hellip;<\/p>\n","protected":false},"author":1,"featured_media":110,"parent":0,"menu_order":0,"comment_status":"closed","ping_status":"closed","template":"","meta":{"_themeisle_gutenberg_block_has_review":false,"footnotes":""},"class_list":["post-11","page","type-page","status-publish","has-post-thumbnail","hentry"],"_links":{"self":[{"href":"https:\/\/spnwu.pl\/index.php\/wp-json\/wp\/v2\/pages\/11","targetHints":{"allow":["GET"]}}],"collection":[{"href":"https:\/\/spnwu.pl\/index.php\/wp-json\/wp\/v2\/pages"}],"about":[{"href":"https:\/\/spnwu.pl\/index.php\/wp-json\/wp\/v2\/types\/page"}],"author":[{"embeddable":true,"href":"https:\/\/spnwu.pl\/index.php\/wp-json\/wp\/v2\/users\/1"}],"replies":[{"embeddable":true,"href":"https:\/\/spnwu.pl\/index.php\/wp-json\/wp\/v2\/comments?post=11"}],"version-history":[{"count":21,"href":"https:\/\/spnwu.pl\/index.php\/wp-json\/wp\/v2\/pages\/11\/revisions"}],"predecessor-version":[{"id":11209,"href":"https:\/\/spnwu.pl\/index.php\/wp-json\/wp\/v2\/pages\/11\/revisions\/11209"}],"wp:featuredmedia":[{"embeddable":true,"href":"https:\/\/spnwu.pl\/index.php\/wp-json\/wp\/v2\/media\/110"}],"wp:attachment":[{"href":"https:\/\/spnwu.pl\/index.php\/wp-json\/wp\/v2\/media?parent=11"}],"curies":[{"name":"wp","href":"https:\/\/api.w.org\/{rel}","templated":true}]}}